{"id":29,"date":"2015-04-24T16:04:54","date_gmt":"2015-04-24T15:04:54","guid":{"rendered":"http:\/\/frankrijk.pbc.be\/wordpress\/?page_id=29"},"modified":"2023-03-27T13:35:11","modified_gmt":"2023-03-27T12:35:11","slug":"info","status":"publish","type":"page","link":"https:\/\/frankrijk.pbc.be\/wordpress\/","title":{"rendered":"info"},"content":{"rendered":"<p><a href=\"http:\/\/frankrijk.pbc.be\/wordpress\/wp-content\/uploads\/2015\/04\/gard.png\"><img decoding=\"async\" loading=\"lazy\" class=\" size-medium wp-image-74 alignleft\" src=\"http:\/\/frankrijk.pbc.be\/wordpress\/wp-content\/uploads\/2015\/04\/gard-275x300.png\" alt=\"gard\" width=\"275\" height=\"300\" srcset=\"https:\/\/frankrijk.pbc.be\/wordpress\/wp-content\/uploads\/2015\/04\/gard-275x300.png 275w, https:\/\/frankrijk.pbc.be\/wordpress\/wp-content\/uploads\/2015\/04\/gard.png 507w\" sizes=\"(max-width: 275px) 100vw, 275px\" \/><\/a>M\u00e9jannes-le-Clap is gelegen in d\u00e9partement 30, Le Gard. Het maakt deel uit van het arrondissement Al\u00e8s (met hoofdstad N\u00eemes). Het dorpje ligt bovenop een bergtopje, op iets meer dan 300 m boven de zeespiegel. De rivier &#8216;la C\u00e8ze&#8217; stroomt beneden de berg.<\/p>\n<p>Bij de laatste telling, in 2014, zijn er in het dorp 668 vaste bewoners. Tijdens het hoofdseizoen echter, groeit dit aantal snel aan boven de 4000 tijdelijke bewoners. Er zijn hier dan ook tal van vakantiewoningen en g\u00eetes en enkele bungalowparken en campings.<\/p>\n<p>Ondanks het grote aantal vakantiebewoners, blijft het rustig vertoeven; de campings en bungalowparken hebben hun eigen snackbars, winkeltjes en activiteiten; waardoor de terrasjes in het dorpje toegankelijk blijven. Enkel op de locale markt op maandagvoormiddag zie je echt wel dat hier veel volk aanwezig is!<\/p>\n<p>De grootste steden en dorpen in de nabijheid zijn Uz\u00e8s, Al\u00e8s, Bagnols-sur-C\u00e8ze, Barjac, Saint-Ambroix, N\u00eemes, Mont\u00e9limar en Avignon. De Middellandse Zee is op een goed uurtje verwijderd. In een goed uur rijden ben je in Aix-en-Provence. Op anderhalf uur bereik je de Mont Ventoux en in 2 uur rijden ben je in Marseille.<\/p>\n<p>Naast de natuur, het zuiders klimaat, de lavendelvelden, zonnebloemen en de vele wijngaarden is dit de perfecte uitvalbasis om de Provence te ontdekken!<\/p>\n<p>Voor beschikbaarheid, boekingen of informatie: <a rel=\"noopener\" href=\"https:\/\/www.reli.be\/nl\/languedoc\/gard\/les-genevriers\" target=\"_blank\">https:\/\/www.reli.be\/nl\/languedoc\/gard\/les-genevriers<\/a><\/p>\n","protected":false},"excerpt":{"rendered":"<p>M\u00e9jannes-le-Clap is gelegen in d\u00e9partement 30, Le Gard. Het maakt deel uit van het arrondissement Al\u00e8s (met hoofdstad N\u00eemes). Het dorpje ligt bovenop een bergtopje, op iets meer dan 300 m boven de zeespiegel. De rivier &#8216;la C\u00e8ze&#8217; stroomt beneden de berg. Bij de laatste telling, in 2014, zijn er in het dorp 668 vaste <a class=\"more-link\" href=\"https:\/\/frankrijk.pbc.be\/wordpress\/\">Meer&#8230;<\/a><\/p>\n","protected":false},"author":1,"featured_media":0,"parent":0,"menu_order":0,"comment_status":"closed","ping_status":"closed","template":"","meta":[],"_links":{"self":[{"href":"https:\/\/frankrijk.pbc.be\/wordpress\/index.php\/wp-json\/wp\/v2\/pages\/29"}],"collection":[{"href":"https:\/\/frankrijk.pbc.be\/wordpress\/index.php\/wp-json\/wp\/v2\/pages"}],"about":[{"href":"https:\/\/frankrijk.pbc.be\/wordpress\/index.php\/wp-json\/wp\/v2\/types\/page"}],"author":[{"embeddable":true,"href":"https:\/\/frankrijk.pbc.be\/wordpress\/index.php\/wp-json\/wp\/v2\/users\/1"}],"replies":[{"embeddable":true,"href":"https:\/\/frankrijk.pbc.be\/wordpress\/index.php\/wp-json\/wp\/v2\/comments?post=29"}],"version-history":[{"count":8,"href":"https:\/\/frankrijk.pbc.be\/wordpress\/index.php\/wp-json\/wp\/v2\/pages\/29\/revisions"}],"predecessor-version":[{"id":242,"href":"https:\/\/frankrijk.pbc.be\/wordpress\/index.php\/wp-json\/wp\/v2\/pages\/29\/revisions\/242"}],"wp:attachment":[{"href":"https:\/\/frankrijk.pbc.be\/wordpress\/index.php\/wp-json\/wp\/v2\/media?parent=29"}],"curies":[{"name":"wp","href":"https:\/\/api.w.org\/{rel}","templated":true}]}}